{"id":4003,"date":"2024-02-27T13:19:53","date_gmt":"2024-02-27T12:19:53","guid":{"rendered":"https:\/\/www.boiler-berlin.de\/?page_id=4003"},"modified":"2024-04-12T21:38:39","modified_gmt":"2024-04-12T19:38:39","slug":"ostern24","status":"publish","type":"page","link":"https:\/\/de.boiler-berlin.com\/en\/ostern24\/","title":{"rendered":"Ostern 2024"},"content":{"rendered":"\n<figure class=\"wp-block-embed is-type-video is-provider-youtube wp-block-embed-youtube wp-embed-aspect-16-9 wp-has-aspect-ratio\"><div class=\"wp-block-embed__wrapper\">\n<iframe title=\"Ostern 2024\" width=\"525\" height=\"295\" src=\"https:\/\/www.youtube.com\/embed\/videoseries?list=PL54woImZXZU0n3vf_ITbxxTQs5EG_NwML\" frameborder=\"0\" allow=\"accelerometer; autoplay; clipboard-write; encrypted-media; gyroscope; picture-in-picture; web-share\" referrerpolicy=\"strict-origin-when-cross-origin\" allowfullscreen><\/iframe>\n<\/div><\/figure>\n\n\n\n<hr class=\"wp-block-separator has-alpha-channel-opacity\"\/>\n\n\n\n<div style=\"height:25px\" aria-hidden=\"true\" class=\"wp-block-spacer\"><\/div>\n\n\n\n<p><strong>***EINSENDUNGEN GESCHLOSSEN &#8211; vielen Dank f\u00fcr das Teilen Eurer Musik*<br>***SUPMISSION IS CLOSED &#8211; thank you for sharing your anthems*<\/strong><\/p>\n\n\n\n<p><strong>Teile Deine Hymne mit uns und Deinen Kollegen.<\/strong><br>Welche Musik begleitet Dich durch die Osterzeit?<br>Sag uns ein paar Worte zu Deiner Lieblingsmusik und wir nehmen das St\u00fcck mit in die Wiedergabeliste!<\/p>\n\n\n\n<p><strong>Share your anthem with us and your colleagues.<\/strong><br>What music accompanies you through the Easter period?<br>Tell us a few words about your favourite music and we&#8217;ll add it to the playlist!<\/p>\n\n\n\n<p><strong>Comparta su himno con nosotros y con sus colegas.<\/strong><br>\u00bfQu\u00e9 m\u00fasica le acompa\u00f1a durante el periodo de Pascua?<br>Cu\u00e9ntanos algo sobre tu m\u00fasica favorita y la a\u00f1adiremos a la lista de canciones.<\/p>\n\n\n\n<hr class=\"wp-block-separator has-alpha-channel-opacity\"\/>\n\n\n\n<h2 class=\"wp-block-heading\">What you find in our shared Playlist <\/h2>\n\n\n\n<figure style=\"font-size:11px\" class=\"wp-block-table\"><table><thead><tr><th class=\"has-text-align-center\" data-align=\"center\">Pos.<\/th><th class=\"has-text-align-left\" data-align=\"left\">From<\/th><th>Titel<\/th><th>Comment<\/th><\/tr><\/thead><tbody><tr><td class=\"has-text-align-center\" data-align=\"center\">1<\/td><td class=\"has-text-align-left\" data-align=\"left\">Tim Vo<\/td><td>RTOEhrenfeld: Bill Withers &#8211; <br>Lovely Day [Cover]<\/td><td>A great interpretation that got me through the Corona period with a smile on my face.<\/td><\/tr><tr><td class=\"has-text-align-center\" data-align=\"center\">2<\/td><td class=\"has-text-align-left\" data-align=\"left\">Tim Vo<\/td><td>Danger Dan &#8211; Eine gute Nachricht (Antilopen Gang)<\/td><td>Good to know &#8211; there is still time for a good time!<\/td><\/tr><tr><td class=\"has-text-align-center\" data-align=\"center\">3<\/td><td class=\"has-text-align-left\" data-align=\"left\">Jo<\/td><td>Pet Shop Boys &#8211; Se A Vida E (That&#8217;s The Way Life Is)<\/td><td>Eine Hymne an die Lebensfreude \u2013 t\u00e4glich 1 x h\u00f6ren! ; D<\/td><\/tr><tr><td class=\"has-text-align-center\" data-align=\"center\">4<\/td><td class=\"has-text-align-left\" data-align=\"left\">Jo<\/td><td>ABBA &#8211; Super Trouper<\/td><td>Beamt mich zur\u00fcck in die 80er, als unsere kleine Welt noch seeehr in Ordnung war \u2013 oder zumindest in Ordnung zu sein schien&#8230; ; )<\/td><\/tr><tr><td class=\"has-text-align-center\" data-align=\"center\">5<\/td><td class=\"has-text-align-left\" data-align=\"left\">Eric<\/td><td>Rauw Alejandro &#8211; DILUVIO<\/td><td><\/td><\/tr><tr><td class=\"has-text-align-center\" data-align=\"center\">6<\/td><td class=\"has-text-align-left\" data-align=\"left\">Carsten<\/td><td>Rosenstolz &#8211; Wir sind am Leben<\/td><td><\/td><\/tr><tr><td class=\"has-text-align-center\" data-align=\"center\">7<\/td><td class=\"has-text-align-left\" data-align=\"left\">Carsten<\/td><td>Philipp Dittberner &#8211; <br>Das ist Dein Leben<\/td><td><\/td><\/tr><tr><td class=\"has-text-align-center\" data-align=\"center\">8<\/td><td class=\"has-text-align-left\" data-align=\"left\">Ever<\/td><td>Mika- Love Today<\/td><td>Mika\u2019s music just give us good and happy feeling. In grey days, a good option to feel better.<\/td><\/tr><tr><td class=\"has-text-align-center\" data-align=\"center\">9<\/td><td class=\"has-text-align-left\" data-align=\"left\">Ever<\/td><td>Kylie Minogue &amp; Dannii Minogue &#8211; All The Lovers (Sydney WorldPride Concert 2023)<\/td><td>A hopefully song for the diversity\u2026<\/td><\/tr><tr><td class=\"has-text-align-center\" data-align=\"center\">10<\/td><td class=\"has-text-align-left\" data-align=\"left\">Ever<\/td><td>Joy Fleming &#8211; Ein Lied kann eine Br\u00fccke sein<\/td><td>A Song can be a bridge\u2026 my big discover in corona time, and it was present in other boiler and untertage moments.<\/td><\/tr><tr><td class=\"has-text-align-center\" data-align=\"center\">11<\/td><td class=\"has-text-align-left\" data-align=\"left\">Ren\u00e9<\/td><td>Maria Bill &#8211; Jetzt (warum denn nicht)<\/td><td>Als Memo an mich.<\/td><\/tr><tr><td class=\"has-text-align-center\" data-align=\"center\">12<\/td><td class=\"has-text-align-left\" data-align=\"left\">Ren\u00e9<\/td><td>Marianne Rosenberg &#8211; Die Frau mit den Puppen<\/td><td>Es gibt wenige Titel, die mich so ber\u00fchren.<\/td><\/tr><tr><td class=\"has-text-align-center\" data-align=\"center\">13<\/td><td class=\"has-text-align-left\" data-align=\"left\">Ren\u00e9<\/td><td>Helga Hahnemann &#8211; Dicke da<\/td><td>Ohne Worte.<\/td><\/tr><tr><td class=\"has-text-align-center\" data-align=\"center\">14<\/td><td class=\"has-text-align-left\" data-align=\"left\">Andrea<\/td><td>SOPHIE \u2014 It&#8217;s Okay To Cry (Official Video)<\/td><td>\u201cI hope you don\u2019t take this the wrong way, but I think your inside is your best side.\u201d<\/td><\/tr><tr><td class=\"has-text-align-center\" data-align=\"center\">15<\/td><td class=\"has-text-align-left\" data-align=\"left\">Thorsten<\/td><td>Milva &#8211; Hurra, wir leben noch &#8211; 1984<\/td><td>Because of the hair. Hair is peace.<\/td><\/tr><tr><td class=\"has-text-align-center\" data-align=\"center\"><\/td><td class=\"has-text-align-left\" data-align=\"left\">&#8230;<\/td><td>&#8230;<\/td><td>Your anthem could be placed here!<\/td><\/tr><\/tbody><\/table><\/figure>\n\n\n\n<hr class=\"wp-block-separator has-alpha-channel-opacity\" id=\"osterformular\"\/>\n","protected":false},"excerpt":{"rendered":"<p>***EINSENDUNGEN GESCHLOSSEN &#8211; vielen Dank f\u00fcr das Teilen Eurer Musik****SUPMISSION IS CLOSED &#8211; thank you for sharing your anthems* Teile Deine Hymne mit uns und Deinen Kollegen.Welche Musik begleitet Dich durch die Osterzeit?Sag uns ein paar Worte zu Deiner Lieblingsmusik und wir nehmen das St\u00fcck mit in die Wiedergabeliste! Share your anthem with us and &hellip; <\/p>\n<p class=\"link-more\"><a href=\"https:\/\/de.boiler-berlin.com\/en\/ostern24\/\" class=\"more-link\">Continue reading<span class=\"screen-reader-text\"> &#8220;Ostern 2024&#8221;<\/span><\/a><\/p>\n","protected":false},"author":1,"featured_media":0,"parent":0,"menu_order":0,"comment_status":"closed","ping_status":"closed","template":"","meta":{"footnotes":""},"class_list":["post-4003","page","type-page","status-publish","hentry"],"translation":{"provider":"WPGlobus","version":"3.0.2","language":"en","enabled_languages":["de","en"],"languages":{"de":{"title":true,"content":true,"excerpt":false},"en":{"title":false,"content":false,"excerpt":false}}},"_links":{"self":[{"href":"https:\/\/de.boiler-berlin.com\/en\/wp-json\/wp\/v2\/pages\/4003","targetHints":{"allow":["GET"]}}],"collection":[{"href":"https:\/\/de.boiler-berlin.com\/en\/wp-json\/wp\/v2\/pages"}],"about":[{"href":"https:\/\/de.boiler-berlin.com\/en\/wp-json\/wp\/v2\/types\/page"}],"author":[{"embeddable":true,"href":"https:\/\/de.boiler-berlin.com\/en\/wp-json\/wp\/v2\/users\/1"}],"replies":[{"embeddable":true,"href":"https:\/\/de.boiler-berlin.com\/en\/wp-json\/wp\/v2\/comments?post=4003"}],"version-history":[{"count":33,"href":"https:\/\/de.boiler-berlin.com\/en\/wp-json\/wp\/v2\/pages\/4003\/revisions"}],"predecessor-version":[{"id":4224,"href":"https:\/\/de.boiler-berlin.com\/en\/wp-json\/wp\/v2\/pages\/4003\/revisions\/4224"}],"wp:attachment":[{"href":"https:\/\/de.boiler-berlin.com\/en\/wp-json\/wp\/v2\/media?parent=4003"}],"curies":[{"name":"wp","href":"https:\/\/api.w.org\/{rel}","templated":true}]}}